{"id":9549,"date":"2021-05-27T14:15:59","date_gmt":"2021-05-27T12:15:59","guid":{"rendered":"https:\/\/boligmesse.no\/nb\/?page_id=9549"},"modified":"2021-06-16T10:35:54","modified_gmt":"2021-06-16T08:35:54","slug":"miljobidrag","status":"publish","type":"page","link":"https:\/\/legacy.boligmesse.no\/nb\/miljobidrag\/","title":{"rendered":"Milj\u00f8bidrag"},"content":{"rendered":"<p><img loading=\"lazy\" decoding=\"async\" class=\"alignnone wp-image-1908 size-large\" src=\"https:\/\/compassfairs.no\/wp-content\/uploads\/2019\/12\/environmental-fee-1024x696.jpg\" alt=\"Milj\u00f8bidrag\" width=\"660\" height=\"449\" \/><\/p>\n<p><span style=\"font-weight: 400\">Vi i Compass Fairs \u00f8nsker \u00e5 v\u00e6re milj\u00f8bevisste og utvise samfunnsansvar. I 2019 gikk vi igjennom en prosess for \u00e5 oppn\u00e5 milj\u00f8sertifiseringen Milj\u00f8fyrt\u00e5rn. Dette inneb\u00e6rer blant annet \u00f8kte ressurser p\u00e5 avfallsh\u00e5ndtering i forbindelse med all aktivitet, bevissthet ved innkj\u00f8p av materiell og h\u00f8yere krav til v\u00e5re underleverand\u00f8rers milj\u00f8bevissthet.<\/span><span style=\"font-weight: 400\"><br \/>\n<\/span><span style=\"font-weight: 400\">Ved siden av en rekke interne tiltak, s\u00e5 medf\u00f8rer dette konkrete tiltak p\u00e5 v\u00e5re eksterne aktiviteter, som blant annet inneb\u00e6rer:<\/span><\/p>\n<p><strong>Produkter<\/strong><b><br \/>\n<\/b><span style=\"font-weight: 400\">Ved innkj\u00f8p prioriteres resirkulerbare og milj\u00f8vennlige produkter og materialer.<\/span><\/p>\n<p><strong>Leverand\u00f8rer<\/strong><b><br \/>\n<\/b><span style=\"font-weight: 400\">Milj\u00f8sertifiserte leverand\u00f8rer blir foretrukket ved innkj\u00f8p.<\/span><\/p>\n<p><strong>Avfallsh\u00e5ndtering<\/strong><b><br \/>\n<\/b><span style=\"font-weight: 400\">I egne produksjonslokaler, p\u00e5 kontorer, samt p\u00e5 arrangementslokasjoner kildesorterer vi alt avfall etter gjeldende kriterier.<\/span><\/p>\n<p><strong>Transport<\/strong><b><br \/>\n<\/b><span style=\"font-weight: 400\">Ved bruk av transport benytter vi akt\u00f8rer med moderne og milj\u00f8vennlig avgassteknologi.<\/span><\/p>\n<p><span style=\"font-weight: 400\">Compass Fairs har innf\u00f8rt en rekke tiltak som bidrar til \u00e5 redusere klimaavtrykket, og som f\u00f8lge av at vi er en sertifisert Milj\u00f8fyrt\u00e5rnbedrift, avgir vi et \u00e5rlig klimaregnskap.<\/span><span style=\"font-weight: 400\"><br \/>\n<\/span><span style=\"font-weight: 400\">Med bakgrunn i dette er det innf\u00f8rt et milj\u00f8bidrag p\u00e5 kr. 69,- p\u00e5 alle ordre med verdi under 20.000,- og p\u00e5 kr. 136,- p\u00e5 alle ordre med verdi h\u00f8yere enn kr. 20.000,-\u00a0<\/span><\/p>\n<p><span style=\"font-weight: 400\">V\u00e5rt milj\u00f8 er et felles ansvar, og vi jobber hver dag med \u00e5 ta sm\u00e5 grep for \u00e5 bidra til dette.<\/span><\/p>","protected":false},"excerpt":{"rendered":"<p>Vi i Compass Fairs \u00f8nsker \u00e5 v\u00e6re milj\u00f8bevisste og utvise samfunnsansvar. I 2019 gikk vi igjennom en prosess for \u00e5 oppn\u00e5 milj\u00f8sertifiseringen Milj\u00f8fyrt\u00e5rn. Dette inneb\u00e6rer blant annet \u00f8kte ressurser p\u00e5 avfallsh\u00e5ndtering i forbindelse med all aktivitet, bevissthet ved innkj\u00f8p av materiell og h\u00f8yere krav til v\u00e5re underleverand\u00f8rers milj\u00f8bevissthet. Ved siden av en rekke interne tiltak, &hellip; <a href=\"https:\/\/legacy.boligmesse.no\/nb\/miljobidrag\/\" class=\"more-link\">Continue reading <span class=\"screen-reader-text\">Milj\u00f8bidrag<\/span><\/a><\/p>\n","protected":false},"author":465666,"featured_media":0,"parent":0,"menu_order":0,"comment_status":"closed","ping_status":"closed","template":"","meta":{"footnotes":""},"class_list":["post-9549","page","type-page","status-publish","hentry"],"yoast_head":"<!-- This site is optimized with the Yoast SEO plugin v24.6 - https:\/\/yoast.com\/wordpress\/plugins\/seo\/ -->\n<title>Milj\u00f8bidrag - Boligmesse<\/title>\n<meta name=\"description\" content=\"Milj\u00f8bidrag - Boligmesse\" \/>\n<meta name=\"robots\" content=\"index, follow, max-snippet:-1, max-image-preview:large, max-video-preview:-1\" \/>\n<link rel=\"canonical\" href=\"https:\/\/legacy.boligmesse.no\/nb\/miljobidrag\/\" \/>\n<meta property=\"og:locale\" content=\"nb_NO\" \/>\n<meta property=\"og:type\" content=\"article\" \/>\n<meta property=\"og:title\" content=\"Milj\u00f8bidrag - Boligmesse\" \/>\n<meta property=\"og:description\" content=\"Milj\u00f8bidrag - Boligmesse\" \/>\n<meta property=\"og:url\" content=\"https:\/\/legacy.boligmesse.no\/nb\/miljobidrag\/\" \/>\n<meta property=\"og:site_name\" content=\"Boligmesse\" \/>\n<meta property=\"article:publisher\" content=\"https:\/\/facebook.com\/Boligmesse\" \/>\n<meta property=\"article:modified_time\" content=\"2021-06-16T08:35:54+00:00\" \/>\n<meta property=\"og:image\" content=\"https:\/\/compassfairs.no\/wp-content\/uploads\/2019\/12\/environmental-fee-1024x696.jpg\" \/>\n<meta name=\"twitter:card\" content=\"summary_large_image\" \/>\n<meta name=\"twitter:label1\" content=\"Ansl. lesetid\" \/>\n\t<meta name=\"twitter:data1\" content=\"2 minutter\" \/>\n<script type=\"application\/ld+json\" class=\"yoast-schema-graph\">{\"@context\":\"https:\/\/schema.org\",\"@graph\":[{\"@type\":\"WebPage\",\"@id\":\"https:\/\/legacy.boligmesse.no\/nb\/miljobidrag\/\",\"url\":\"https:\/\/legacy.boligmesse.no\/nb\/miljobidrag\/\",\"name\":\"Milj\u00f8bidrag - Boligmesse\",\"isPartOf\":{\"@id\":\"https:\/\/legacy.boligmesse.no\/nb\/#website\"},\"primaryImageOfPage\":{\"@id\":\"https:\/\/legacy.boligmesse.no\/nb\/miljobidrag\/#primaryimage\"},\"image\":{\"@id\":\"https:\/\/legacy.boligmesse.no\/nb\/miljobidrag\/#primaryimage\"},\"thumbnailUrl\":\"https:\/\/compassfairs.no\/wp-content\/uploads\/2019\/12\/environmental-fee-1024x696.jpg\",\"datePublished\":\"2021-05-27T12:15:59+00:00\",\"dateModified\":\"2021-06-16T08:35:54+00:00\",\"description\":\"Milj\u00f8bidrag - Boligmesse\",\"breadcrumb\":{\"@id\":\"https:\/\/legacy.boligmesse.no\/nb\/miljobidrag\/#breadcrumb\"},\"inLanguage\":\"nb-NO\",\"potentialAction\":[{\"@type\":\"ReadAction\",\"target\":[[\"https:\/\/legacy.boligmesse.no\/nb\/miljobidrag\/\"]]}]},{\"@type\":\"ImageObject\",\"inLanguage\":\"nb-NO\",\"@id\":\"https:\/\/legacy.boligmesse.no\/nb\/miljobidrag\/#primaryimage\",\"url\":\"https:\/\/compassfairs.no\/wp-content\/uploads\/2019\/12\/environmental-fee-1024x696.jpg\",\"contentUrl\":\"https:\/\/compassfairs.no\/wp-content\/uploads\/2019\/12\/environmental-fee-1024x696.jpg\"},{\"@type\":\"BreadcrumbList\",\"@id\":\"https:\/\/legacy.boligmesse.no\/nb\/miljobidrag\/#breadcrumb\",\"itemListElement\":[{\"@type\":\"ListItem\",\"position\":1,\"name\":\"Home\",\"item\":\"https:\/\/legacy.boligmesse.no\/nb\/\"},{\"@type\":\"ListItem\",\"position\":2,\"name\":\"Milj\u00f8bidrag\"}]},{\"@type\":\"WebSite\",\"@id\":\"https:\/\/legacy.boligmesse.no\/nb\/#website\",\"url\":\"https:\/\/legacy.boligmesse.no\/nb\/\",\"name\":\"Boligmesse\",\"description\":\"Oppussing, inspirasjon og eksperthjelp til hjemmet\",\"publisher\":{\"@id\":\"https:\/\/legacy.boligmesse.no\/nb\/#organization\"},\"potentialAction\":[{\"@type\":\"SearchAction\",\"target\":{\"@type\":\"EntryPoint\",\"urlTemplate\":\"https:\/\/legacy.boligmesse.no\/nb\/?s={search_term_string}\"},\"query-input\":{\"@type\":\"PropertyValueSpecification\",\"valueRequired\":true,\"valueName\":\"search_term_string\"}}],\"inLanguage\":\"nb-NO\"},{\"@type\":\"Organization\",\"@id\":\"https:\/\/legacy.boligmesse.no\/nb\/#organization\",\"name\":\"Boligmesse\",\"url\":\"https:\/\/legacy.boligmesse.no\/nb\/\",\"logo\":{\"@type\":\"ImageObject\",\"inLanguage\":\"nb-NO\",\"@id\":\"https:\/\/legacy.boligmesse.no\/nb\/#\/schema\/logo\/image\/\",\"url\":\"https:\/\/boligmesse.no\/wp-content\/uploads\/sites\/4\/2024\/03\/Boligmesse-e1710936451690.png\",\"contentUrl\":\"https:\/\/boligmesse.no\/wp-content\/uploads\/sites\/4\/2024\/03\/Boligmesse-e1710936451690.png\",\"width\":341,\"height\":71,\"caption\":\"Boligmesse\"},\"image\":{\"@id\":\"https:\/\/legacy.boligmesse.no\/nb\/#\/schema\/logo\/image\/\"},\"sameAs\":[\"https:\/\/facebook.com\/Boligmesse\"]}]}<\/script>\n<!-- \/ Yoast SEO plugin. -->","yoast_head_json":{"title":"Milj\u00f8bidrag - Boligmesse","description":"Milj\u00f8bidrag - Boligmesse","robots":{"index":"index","follow":"follow","max-snippet":"max-snippet:-1","max-image-preview":"max-image-preview:large","max-video-preview":"max-video-preview:-1"},"canonical":"https:\/\/legacy.boligmesse.no\/nb\/miljobidrag\/","og_locale":"nb_NO","og_type":"article","og_title":"Milj\u00f8bidrag - Boligmesse","og_description":"Milj\u00f8bidrag - Boligmesse","og_url":"https:\/\/legacy.boligmesse.no\/nb\/miljobidrag\/","og_site_name":"Boligmesse","article_publisher":"https:\/\/facebook.com\/Boligmesse","article_modified_time":"2021-06-16T08:35:54+00:00","og_image":[{"url":"https:\/\/compassfairs.no\/wp-content\/uploads\/2019\/12\/environmental-fee-1024x696.jpg","type":"","width":"","height":""}],"twitter_card":"summary_large_image","twitter_misc":{"Ansl. lesetid":"2 minutter"},"schema":{"@context":"https:\/\/schema.org","@graph":[{"@type":"WebPage","@id":"https:\/\/legacy.boligmesse.no\/nb\/miljobidrag\/","url":"https:\/\/legacy.boligmesse.no\/nb\/miljobidrag\/","name":"Milj\u00f8bidrag - Boligmesse","isPartOf":{"@id":"https:\/\/legacy.boligmesse.no\/nb\/#website"},"primaryImageOfPage":{"@id":"https:\/\/legacy.boligmesse.no\/nb\/miljobidrag\/#primaryimage"},"image":{"@id":"https:\/\/legacy.boligmesse.no\/nb\/miljobidrag\/#primaryimage"},"thumbnailUrl":"https:\/\/compassfairs.no\/wp-content\/uploads\/2019\/12\/environmental-fee-1024x696.jpg","datePublished":"2021-05-27T12:15:59+00:00","dateModified":"2021-06-16T08:35:54+00:00","description":"Milj\u00f8bidrag - Boligmesse","breadcrumb":{"@id":"https:\/\/legacy.boligmesse.no\/nb\/miljobidrag\/#breadcrumb"},"inLanguage":"nb-NO","potentialAction":[{"@type":"ReadAction","target":[["https:\/\/legacy.boligmesse.no\/nb\/miljobidrag\/"]]}]},{"@type":"ImageObject","inLanguage":"nb-NO","@id":"https:\/\/legacy.boligmesse.no\/nb\/miljobidrag\/#primaryimage","url":"https:\/\/compassfairs.no\/wp-content\/uploads\/2019\/12\/environmental-fee-1024x696.jpg","contentUrl":"https:\/\/compassfairs.no\/wp-content\/uploads\/2019\/12\/environmental-fee-1024x696.jpg"},{"@type":"BreadcrumbList","@id":"https:\/\/legacy.boligmesse.no\/nb\/miljobidrag\/#breadcrumb","itemListElement":[{"@type":"ListItem","position":1,"name":"Home","item":"https:\/\/legacy.boligmesse.no\/nb\/"},{"@type":"ListItem","position":2,"name":"Milj\u00f8bidrag"}]},{"@type":"WebSite","@id":"https:\/\/legacy.boligmesse.no\/nb\/#website","url":"https:\/\/legacy.boligmesse.no\/nb\/","name":"Boligmesse","description":"Oppussing, inspirasjon og eksperthjelp til hjemmet","publisher":{"@id":"https:\/\/legacy.boligmesse.no\/nb\/#organization"},"potentialAction":[{"@type":"SearchAction","target":{"@type":"EntryPoint","urlTemplate":"https:\/\/legacy.boligmesse.no\/nb\/?s={search_term_string}"},"query-input":{"@type":"PropertyValueSpecification","valueRequired":true,"valueName":"search_term_string"}}],"inLanguage":"nb-NO"},{"@type":"Organization","@id":"https:\/\/legacy.boligmesse.no\/nb\/#organization","name":"Boligmesse","url":"https:\/\/legacy.boligmesse.no\/nb\/","logo":{"@type":"ImageObject","inLanguage":"nb-NO","@id":"https:\/\/legacy.boligmesse.no\/nb\/#\/schema\/logo\/image\/","url":"https:\/\/boligmesse.no\/wp-content\/uploads\/sites\/4\/2024\/03\/Boligmesse-e1710936451690.png","contentUrl":"https:\/\/boligmesse.no\/wp-content\/uploads\/sites\/4\/2024\/03\/Boligmesse-e1710936451690.png","width":341,"height":71,"caption":"Boligmesse"},"image":{"@id":"https:\/\/legacy.boligmesse.no\/nb\/#\/schema\/logo\/image\/"},"sameAs":["https:\/\/facebook.com\/Boligmesse"]}]}},"_links":{"self":[{"href":"https:\/\/legacy.boligmesse.no\/nb\/wp-json\/wp\/v2\/pages\/9549","targetHints":{"allow":["GET"]}}],"collection":[{"href":"https:\/\/legacy.boligmesse.no\/nb\/wp-json\/wp\/v2\/pages"}],"about":[{"href":"https:\/\/legacy.boligmesse.no\/nb\/wp-json\/wp\/v2\/types\/page"}],"author":[{"embeddable":true,"href":"https:\/\/legacy.boligmesse.no\/nb\/wp-json\/wp\/v2\/users\/465666"}],"replies":[{"embeddable":true,"href":"https:\/\/legacy.boligmesse.no\/nb\/wp-json\/wp\/v2\/comments?post=9549"}],"version-history":[{"count":0,"href":"https:\/\/legacy.boligmesse.no\/nb\/wp-json\/wp\/v2\/pages\/9549\/revisions"}],"wp:attachment":[{"href":"https:\/\/legacy.boligmesse.no\/nb\/wp-json\/wp\/v2\/media?parent=9549"}],"curies":[{"name":"wp","href":"https:\/\/api.w.org\/{rel}","templated":true}]}}