{"id":9532,"date":"2020-11-03T13:32:32","date_gmt":"2020-11-03T12:32:32","guid":{"rendered":"https:\/\/boligmesse.no\/nb\/?page_id=9532"},"modified":"2021-04-23T18:32:08","modified_gmt":"2021-04-23T16:32:08","slug":"informasjon-under-covid-19-2","status":"publish","type":"page","link":"https:\/\/legacy.boligmesse.no\/nb\/informasjon-under-covid-19-2\/","title":{"rendered":"Milj\u00f8fyrt\u00e5rn"},"content":{"rendered":"<p><img decoding=\"async\" src=\"https:\/\/boligmesse.no\/wp-content\/themes\/boligmesse\/media\/Miljfyrtarn-norsk-farger.png\" alt=\"Milj\u00f8fyrt\u00e5rn\" \/><\/p>\n<h4 style=\"margin-top: 0;\"><strong>Compass Fairs er Milj\u00f8fyrt\u00e5rn-sertifisert<\/strong><\/h4>\n<p><span style=\"font-weight: 400;\">I Compass Fairs er vi opptatt av b\u00e6rekraft, og vi jobber kontinuerlig med \u00e5 redusere v\u00e5re klimagassutslipp. Det inneb\u00e6rer helhetlig og systematisk arbeid med tiltak innen omr\u00e5der som innkj\u00f8p, energi, transport, avfall, utslipp og estetikk.\u00a0<\/span><\/p>\n<p><span style=\"font-weight: 400;\">I 2020 fikk vi det synlige beviset p\u00e5 v\u00e5r innsats, da vi mottok v\u00e5r Milj\u00f8fyrt\u00e5rn-sertifisering. Som godkjent Milj\u00f8fyrt\u00e5rn-bedrift har vi tatt viktige steg p\u00e5 veien mot en gr\u00f8nn og b\u00e6rekraftig fremtid.\u00a0<\/span><\/p>\n<p><span style=\"font-weight: 400;\">Som Milj\u00f8fyrt\u00e5rn bidrar vi ogs\u00e5 til \u00e5 oppn\u00e5 flere av FNs b\u00e6rekraftsm\u00e5l. En b\u00e6rekraftig fremtid trenger konkret handling og en felles innsats fra b\u00e5de n\u00e6ringsliv, myndigheter og forbrukere!\u00a0<\/span><\/p>\n<p><span style=\"font-weight: 400;\">N\u00e5 skal vi fortsette \u00e5 jobbe med oppn\u00e5 gr\u00f8nnere innkj\u00f8p, lavere energiforbruk, smartere transport, mindre avfall, og bedre arbeidsmilj\u00f8.\u00a0<\/span><\/p>\n<p><strong>Om Milj\u00f8fyrt\u00e5rn<\/strong><\/p>\n<p><span style=\"font-weight: 400;\">Milj\u00f8fyrt\u00e5rn er et anerkjent og effektivt verkt\u00f8y for sertifisering og milj\u00f8ledelse, og Norges mest brukte sertifikat for virksomheter som vil dokumentere sin milj\u00f8innsats og vise samfunnsansvar. Les mer: <\/span><a href=\"http:\/\/www.miljofyrtarn.no\"><span style=\"font-weight: 400;\">www.miljofyrtarn.no<\/span><\/a><span style=\"font-weight: 400;\">.\u00a0<\/span><\/p>","protected":false},"excerpt":{"rendered":"<p>Compass Fairs er Milj\u00f8fyrt\u00e5rn-sertifisert I Compass Fairs er vi opptatt av b\u00e6rekraft, og vi jobber kontinuerlig med \u00e5 redusere v\u00e5re klimagassutslipp. Det inneb\u00e6rer helhetlig og systematisk arbeid med tiltak innen omr\u00e5der som innkj\u00f8p, energi, transport, avfall, utslipp og estetikk.\u00a0 I 2020 fikk vi det synlige beviset p\u00e5 v\u00e5r innsats, da vi mottok v\u00e5r Milj\u00f8fyrt\u00e5rn-sertifisering. Som &hellip; <a href=\"https:\/\/legacy.boligmesse.no\/nb\/informasjon-under-covid-19-2\/\" class=\"more-link\">Continue reading <span class=\"screen-reader-text\">Milj\u00f8fyrt\u00e5rn<\/span><\/a><\/p>\n","protected":false},"author":462945,"featured_media":0,"parent":0,"menu_order":0,"comment_status":"closed","ping_status":"closed","template":"page-info.php","meta":{"footnotes":""},"class_list":["post-9532","page","type-page","status-publish","hentry"],"yoast_head":"<!-- This site is optimized with the Yoast SEO plugin v24.6 - https:\/\/yoast.com\/wordpress\/plugins\/seo\/ -->\n<title>Milj\u00f8fyrt\u00e5rn - Boligmesse<\/title>\n<meta name=\"description\" content=\"Milj\u00f8fyrt\u00e5rn - Boligmesse\" \/>\n<meta name=\"robots\" content=\"index, follow, max-snippet:-1, max-image-preview:large, max-video-preview:-1\" \/>\n<link rel=\"canonical\" href=\"https:\/\/legacy.boligmesse.no\/nb\/informasjon-under-covid-19-2\/\" \/>\n<meta property=\"og:locale\" content=\"nb_NO\" \/>\n<meta property=\"og:type\" content=\"article\" \/>\n<meta property=\"og:title\" content=\"Milj\u00f8fyrt\u00e5rn - Boligmesse\" \/>\n<meta property=\"og:description\" content=\"Milj\u00f8fyrt\u00e5rn - Boligmesse\" \/>\n<meta property=\"og:url\" content=\"https:\/\/legacy.boligmesse.no\/nb\/informasjon-under-covid-19-2\/\" \/>\n<meta property=\"og:site_name\" content=\"Boligmesse\" \/>\n<meta property=\"article:publisher\" content=\"https:\/\/facebook.com\/Boligmesse\" \/>\n<meta property=\"article:modified_time\" content=\"2021-04-23T16:32:08+00:00\" \/>\n<meta property=\"og:image\" content=\"https:\/\/boligmesse.no\/wp-content\/themes\/boligmesse\/media\/Miljfyrtarn-norsk-farger.png\" \/>\n<meta name=\"twitter:card\" content=\"summary_large_image\" \/>\n<meta name=\"twitter:label1\" content=\"Ansl. lesetid\" \/>\n\t<meta name=\"twitter:data1\" content=\"2 minutter\" \/>\n<script type=\"application\/ld+json\" class=\"yoast-schema-graph\">{\"@context\":\"https:\/\/schema.org\",\"@graph\":[{\"@type\":\"WebPage\",\"@id\":\"https:\/\/legacy.boligmesse.no\/nb\/informasjon-under-covid-19-2\/\",\"url\":\"https:\/\/legacy.boligmesse.no\/nb\/informasjon-under-covid-19-2\/\",\"name\":\"Milj\u00f8fyrt\u00e5rn - Boligmesse\",\"isPartOf\":{\"@id\":\"https:\/\/legacy.boligmesse.no\/nb\/#website\"},\"primaryImageOfPage\":{\"@id\":\"https:\/\/legacy.boligmesse.no\/nb\/informasjon-under-covid-19-2\/#primaryimage\"},\"image\":{\"@id\":\"https:\/\/legacy.boligmesse.no\/nb\/informasjon-under-covid-19-2\/#primaryimage\"},\"thumbnailUrl\":\"https:\/\/boligmesse.no\/wp-content\/themes\/boligmesse\/media\/Miljfyrtarn-norsk-farger.png\",\"datePublished\":\"2020-11-03T12:32:32+00:00\",\"dateModified\":\"2021-04-23T16:32:08+00:00\",\"description\":\"Milj\u00f8fyrt\u00e5rn - Boligmesse\",\"breadcrumb\":{\"@id\":\"https:\/\/legacy.boligmesse.no\/nb\/informasjon-under-covid-19-2\/#breadcrumb\"},\"inLanguage\":\"nb-NO\",\"potentialAction\":[{\"@type\":\"ReadAction\",\"target\":[[\"https:\/\/legacy.boligmesse.no\/nb\/informasjon-under-covid-19-2\/\"]]}]},{\"@type\":\"ImageObject\",\"inLanguage\":\"nb-NO\",\"@id\":\"https:\/\/legacy.boligmesse.no\/nb\/informasjon-under-covid-19-2\/#primaryimage\",\"url\":\"https:\/\/boligmesse.no\/wp-content\/themes\/boligmesse\/media\/Miljfyrtarn-norsk-farger.png\",\"contentUrl\":\"https:\/\/boligmesse.no\/wp-content\/themes\/boligmesse\/media\/Miljfyrtarn-norsk-farger.png\"},{\"@type\":\"BreadcrumbList\",\"@id\":\"https:\/\/legacy.boligmesse.no\/nb\/informasjon-under-covid-19-2\/#breadcrumb\",\"itemListElement\":[{\"@type\":\"ListItem\",\"position\":1,\"name\":\"Home\",\"item\":\"https:\/\/legacy.boligmesse.no\/nb\/\"},{\"@type\":\"ListItem\",\"position\":2,\"name\":\"Milj\u00f8fyrt\u00e5rn\"}]},{\"@type\":\"WebSite\",\"@id\":\"https:\/\/legacy.boligmesse.no\/nb\/#website\",\"url\":\"https:\/\/legacy.boligmesse.no\/nb\/\",\"name\":\"Boligmesse\",\"description\":\"Oppussing, inspirasjon og eksperthjelp til hjemmet\",\"publisher\":{\"@id\":\"https:\/\/legacy.boligmesse.no\/nb\/#organization\"},\"potentialAction\":[{\"@type\":\"SearchAction\",\"target\":{\"@type\":\"EntryPoint\",\"urlTemplate\":\"https:\/\/legacy.boligmesse.no\/nb\/?s={search_term_string}\"},\"query-input\":{\"@type\":\"PropertyValueSpecification\",\"valueRequired\":true,\"valueName\":\"search_term_string\"}}],\"inLanguage\":\"nb-NO\"},{\"@type\":\"Organization\",\"@id\":\"https:\/\/legacy.boligmesse.no\/nb\/#organization\",\"name\":\"Boligmesse\",\"url\":\"https:\/\/legacy.boligmesse.no\/nb\/\",\"logo\":{\"@type\":\"ImageObject\",\"inLanguage\":\"nb-NO\",\"@id\":\"https:\/\/legacy.boligmesse.no\/nb\/#\/schema\/logo\/image\/\",\"url\":\"https:\/\/boligmesse.no\/wp-content\/uploads\/sites\/4\/2024\/03\/Boligmesse-e1710936451690.png\",\"contentUrl\":\"https:\/\/boligmesse.no\/wp-content\/uploads\/sites\/4\/2024\/03\/Boligmesse-e1710936451690.png\",\"width\":341,\"height\":71,\"caption\":\"Boligmesse\"},\"image\":{\"@id\":\"https:\/\/legacy.boligmesse.no\/nb\/#\/schema\/logo\/image\/\"},\"sameAs\":[\"https:\/\/facebook.com\/Boligmesse\"]}]}<\/script>\n<!-- \/ Yoast SEO plugin. -->","yoast_head_json":{"title":"Milj\u00f8fyrt\u00e5rn - Boligmesse","description":"Milj\u00f8fyrt\u00e5rn - Boligmesse","robots":{"index":"index","follow":"follow","max-snippet":"max-snippet:-1","max-image-preview":"max-image-preview:large","max-video-preview":"max-video-preview:-1"},"canonical":"https:\/\/legacy.boligmesse.no\/nb\/informasjon-under-covid-19-2\/","og_locale":"nb_NO","og_type":"article","og_title":"Milj\u00f8fyrt\u00e5rn - Boligmesse","og_description":"Milj\u00f8fyrt\u00e5rn - Boligmesse","og_url":"https:\/\/legacy.boligmesse.no\/nb\/informasjon-under-covid-19-2\/","og_site_name":"Boligmesse","article_publisher":"https:\/\/facebook.com\/Boligmesse","article_modified_time":"2021-04-23T16:32:08+00:00","og_image":[{"url":"https:\/\/boligmesse.no\/wp-content\/themes\/boligmesse\/media\/Miljfyrtarn-norsk-farger.png","type":"","width":"","height":""}],"twitter_card":"summary_large_image","twitter_misc":{"Ansl. lesetid":"2 minutter"},"schema":{"@context":"https:\/\/schema.org","@graph":[{"@type":"WebPage","@id":"https:\/\/legacy.boligmesse.no\/nb\/informasjon-under-covid-19-2\/","url":"https:\/\/legacy.boligmesse.no\/nb\/informasjon-under-covid-19-2\/","name":"Milj\u00f8fyrt\u00e5rn - Boligmesse","isPartOf":{"@id":"https:\/\/legacy.boligmesse.no\/nb\/#website"},"primaryImageOfPage":{"@id":"https:\/\/legacy.boligmesse.no\/nb\/informasjon-under-covid-19-2\/#primaryimage"},"image":{"@id":"https:\/\/legacy.boligmesse.no\/nb\/informasjon-under-covid-19-2\/#primaryimage"},"thumbnailUrl":"https:\/\/boligmesse.no\/wp-content\/themes\/boligmesse\/media\/Miljfyrtarn-norsk-farger.png","datePublished":"2020-11-03T12:32:32+00:00","dateModified":"2021-04-23T16:32:08+00:00","description":"Milj\u00f8fyrt\u00e5rn - Boligmesse","breadcrumb":{"@id":"https:\/\/legacy.boligmesse.no\/nb\/informasjon-under-covid-19-2\/#breadcrumb"},"inLanguage":"nb-NO","potentialAction":[{"@type":"ReadAction","target":[["https:\/\/legacy.boligmesse.no\/nb\/informasjon-under-covid-19-2\/"]]}]},{"@type":"ImageObject","inLanguage":"nb-NO","@id":"https:\/\/legacy.boligmesse.no\/nb\/informasjon-under-covid-19-2\/#primaryimage","url":"https:\/\/boligmesse.no\/wp-content\/themes\/boligmesse\/media\/Miljfyrtarn-norsk-farger.png","contentUrl":"https:\/\/boligmesse.no\/wp-content\/themes\/boligmesse\/media\/Miljfyrtarn-norsk-farger.png"},{"@type":"BreadcrumbList","@id":"https:\/\/legacy.boligmesse.no\/nb\/informasjon-under-covid-19-2\/#breadcrumb","itemListElement":[{"@type":"ListItem","position":1,"name":"Home","item":"https:\/\/legacy.boligmesse.no\/nb\/"},{"@type":"ListItem","position":2,"name":"Milj\u00f8fyrt\u00e5rn"}]},{"@type":"WebSite","@id":"https:\/\/legacy.boligmesse.no\/nb\/#website","url":"https:\/\/legacy.boligmesse.no\/nb\/","name":"Boligmesse","description":"Oppussing, inspirasjon og eksperthjelp til hjemmet","publisher":{"@id":"https:\/\/legacy.boligmesse.no\/nb\/#organization"},"potentialAction":[{"@type":"SearchAction","target":{"@type":"EntryPoint","urlTemplate":"https:\/\/legacy.boligmesse.no\/nb\/?s={search_term_string}"},"query-input":{"@type":"PropertyValueSpecification","valueRequired":true,"valueName":"search_term_string"}}],"inLanguage":"nb-NO"},{"@type":"Organization","@id":"https:\/\/legacy.boligmesse.no\/nb\/#organization","name":"Boligmesse","url":"https:\/\/legacy.boligmesse.no\/nb\/","logo":{"@type":"ImageObject","inLanguage":"nb-NO","@id":"https:\/\/legacy.boligmesse.no\/nb\/#\/schema\/logo\/image\/","url":"https:\/\/boligmesse.no\/wp-content\/uploads\/sites\/4\/2024\/03\/Boligmesse-e1710936451690.png","contentUrl":"https:\/\/boligmesse.no\/wp-content\/uploads\/sites\/4\/2024\/03\/Boligmesse-e1710936451690.png","width":341,"height":71,"caption":"Boligmesse"},"image":{"@id":"https:\/\/legacy.boligmesse.no\/nb\/#\/schema\/logo\/image\/"},"sameAs":["https:\/\/facebook.com\/Boligmesse"]}]}},"_links":{"self":[{"href":"https:\/\/legacy.boligmesse.no\/nb\/wp-json\/wp\/v2\/pages\/9532","targetHints":{"allow":["GET"]}}],"collection":[{"href":"https:\/\/legacy.boligmesse.no\/nb\/wp-json\/wp\/v2\/pages"}],"about":[{"href":"https:\/\/legacy.boligmesse.no\/nb\/wp-json\/wp\/v2\/types\/page"}],"author":[{"embeddable":true,"href":"https:\/\/legacy.boligmesse.no\/nb\/wp-json\/wp\/v2\/users\/462945"}],"replies":[{"embeddable":true,"href":"https:\/\/legacy.boligmesse.no\/nb\/wp-json\/wp\/v2\/comments?post=9532"}],"version-history":[{"count":0,"href":"https:\/\/legacy.boligmesse.no\/nb\/wp-json\/wp\/v2\/pages\/9532\/revisions"}],"wp:attachment":[{"href":"https:\/\/legacy.boligmesse.no\/nb\/wp-json\/wp\/v2\/media?parent=9532"}],"curies":[{"name":"wp","href":"https:\/\/api.w.org\/{rel}","templated":true}]}}