{"id":5296,"date":"2018-05-01T16:15:33","date_gmt":"2018-05-01T14:15:33","guid":{"rendered":"https:\/\/boligmesse.no\/en\/?page_id=5296"},"modified":"2018-06-01T19:17:55","modified_gmt":"2018-06-01T17:17:55","slug":"cookies","status":"publish","type":"page","link":"https:\/\/legacy.boligmesse.no\/nb\/cookies\/","title":{"rendered":"Cookies"},"content":{"rendered":"<p><\/p>\n<h1>Cookies<\/h1>\n<p>V\u00e5re nettsider benytter cookies som beskrevet nedenfor. Om du ikke sl\u00e5r av bruken av cookies i din nettleser og fortsetter \u00e5 bruke nettsiden, samtykker du i v\u00e5r bruk av cookies i henhold til denne Cookie-policyen, samt den underliggende behandlingen av personopplysninger. Vennligst les v\u00e5r <a href=\"https:\/\/boligmesse.no\/nb\/personvernerklaering\/\">Personvernpolicy<\/a>\u00a0for ytterligere informasjon om hva, hvordan og til hvilket form\u00e5l Boligmesse (Compass Fairs AS) behandler personopplysninger og din rett til innsyn i personopplysninger vi behandler.<\/p>\n<p>Du kan endre innstillingene i nettleseren n\u00e5r som helst. Hvis du deaktiverer cookies, kan dette p\u00e5virke din brukeropplevelse p\u00e5 nettsiden.<\/p>\n<h3>Bes\u00f8kende p\u00e5 et nettsted som bruker cookies skal motta informasjon om:<\/h3>\n<ul>\n<li>at nettstedet inneholder cookies<\/li>\n<li>hva cookies brukes til<\/li>\n<li>til hvilket form\u00e5l cookies brukes<\/li>\n<li>hvem som bruker informasjonen<\/li>\n<li>hvordan cookies kan unng\u00e5s<\/li>\n<\/ul>\n<p>I tillegg m\u00e5 du som bruker samtykke i bruken av cookies. Du har ogs\u00e5 mulighet til \u00e5 nekte bruken av cookies.<\/p>\n<h3>Hva er cookies og hva brukes de til?<\/h3>\n<p>Cookies, ogs\u00e5 kalt informasjonskapsler, er sm\u00e5 tekstfiler som sendes til og lagres p\u00e5 din enhet (mobiltelefon, PC eller nettbrett). Dette er vanlig p\u00e5 internett, og gj\u00f8r at nettsiden du er inne p\u00e5 kan huske handlingene eller preferansene dine over tid, og hvor ofte du er inne p\u00e5 nettsiden. Noen cookies er n\u00f8dvendige for at du skal kunne utnytte nettstedets fulle funksjonalitet, mens andre brukes for \u00e5 forbedre din brukeropplevelse og gj\u00f8re det enklere for deg \u00e5 navigere p\u00e5 nettstedet.<\/p>\n<p>Det er to typer cookies: permanente og midlertidige (s\u00e5kalte sesjonscookies). Midlertidige cookies slettes n\u00e5r du lukker nettleseren, og brukes blant annet for \u00e5 registrere at en bruker er inne p\u00e5 nettsiden og hvilke valg brukeren gj\u00f8r. Permanente cookies lagres som en fil p\u00e5 din enhet over en lengre periode for \u00e5 tilpasse nettstedet til dine \u00f8nsker, valg og interesser. For eksempel kan de brukes til funksjoner som forteller deg hva som er nytt siden sist du brukte nettstedet, og for \u00e5 holde f\u00f8lge med hvilket spr\u00e5k du har valgt.<\/p>\n<h3>Noen eksempler p\u00e5 hva cookies kan brukes til:<\/h3>\n<ul>\n<li>Huske innloggingsinformasjon. N\u00e5r du logger p\u00e5 et nettsted, blir en cookie plassert p\u00e5 din enhet. Hver gang du g\u00e5r inn p\u00e5 en ny side vil din enhet sende en cookie til nettstedet du bes\u00f8ker, og ved \u00e5 bruke cookien, kan nettstedet avgj\u00f8re om du er logget inn, og du slipper \u00e5 oppgi brukernavn og passord hver gang du skifter side.<\/li>\n<li>Skreddersy nettstedet til din bruk. Dette kan dreie seg om design p\u00e5 et nettsted du bruker ofte, tilpassede kontraster eller fontst\u00f8rrelser, eller tilpasset sortering og utvalg.<\/li>\n<li>P\u00e5 nettsteder som selger tjenester, brukes cookies for \u00e5 gj\u00f8re det enklere \u00e5 legge inn bestillinger.<\/li>\n<li>For \u00e5 registrere hvilke personer som bes\u00f8ker hvilke sider p\u00e5 et nettsted. Denne informasjonen kan deretter brukes til \u00e5 velge passende annonsering eller skreddersy sidene som brukeren kan se. Mange cookies som brukes for annonsering og til \u00e5 skreddersy innhold, er tredjepartscookies.<\/li>\n<li>For \u00e5 holde oppsyn med trafikken gjennom statistikk for \u00e5 forbedre nettstedet og l\u00e6re mer om forskjellige m\u00e5lgrupper. Mange cookies som brukes til statistikk er tredjepartscookies.<\/li>\n<li>For \u00e5 holde f\u00f8lge med valg av spark, bestillingskoder og medlemskapsniv\u00e5.<\/li>\n<\/ul>\n<h3>Forskjellige typer cookies<\/h3>\n<h5>Cookies kan deles opp i kategorier avhengig av hvilken funksjon de har.<\/h5>\n<ul>\n<li><strong>N\u00f8dvendige:<\/strong> Disse er n\u00f8dvendige for at visse funksjoner skal virke, for eksempel \u00e5 gjenkjenne og godkjenne brukeren i forbindelse med p\u00e5logging p\u00e5 nettsiden.<\/li>\n<li><strong>Presentasjon og funksjon:<\/strong> Disse cookiene forenkler din bruk av nettstedet og gj\u00f8r den mer personlig, blant annet ved \u00e5 tilpasse informasjon og tilbud til ting du har vist interesse for tidligere. Disse cookiene brukes ogs\u00e5 til \u00e5 innhente informasjon om bes\u00f8kende p\u00e5 nettstedet slik at vi kan forbedre nettstedet og de digitale tjenestene. Hvis du ikke godkjenner disse cookiene, vil v\u00e5re digitale tjenester f\u00e5 begrenset funksjonalitet.<\/li>\n<li><strong>Promotering:<\/strong> Disse er ofte tredjepartscookies, det vil si at de ikke brukes av oss, men av en av v\u00e5re samarbeidspartnere. Disse cookiene bruker informasjon om din bruk av nettstedet og andre samarbeidspartneres nettsteder, som for eksempel nettsteder du bes\u00f8ker eller annonser du svarer p\u00e5, for deretter \u00e5 vise annonser som passer bedre for deg, b\u00e5de p\u00e5 v\u00e5rt nettsted og nettstedene til samarbeidspartnere. Disse annonsene kalles &laquo;interessebasert reklame&raquo; siden form\u00e5let er at du kun skal se annonser som passer til dine interesser. Hvis du ikke godkjenner disse cookiene kan du f\u00e5 en d\u00e5rligere brukeropplevelse.<\/li>\n<\/ul>\n<h3>\u00d8nsker du \u00e5 unng\u00e5 cookies?<\/h3>\n<p>Cookies brukes ikke til \u00e5 skade eller \u00f8delegge din enhet, og de fleste nettlesere godkjenner cookies automatisk. \u00d8nsker du imidlertid \u00e5 unng\u00e5 bruk av cookies, kan du nekte \u00e5 godkjenne cookies i innstillingene p\u00e5 din nettleser og slette cookies som er lagret p\u00e5 din harddisk. Du kan ogs\u00e5 stille nettleseren din inn slik at den varsler deg hver gang den mottar en cookie. Slik har du muligheten til \u00e5 godkjenne eller avvise cookies. Mer informasjon om cookies og dine nettleserinnstillinger kan f\u00e5s hos din nettleserleverand\u00f8r. \u2028\u2028Dersom du nekter bruken av cookies, kan dette gj\u00f8re at de digitale tjenestene ikke virker slik de skal.<\/p>\n<h3>Hvorfor bruker vi cookies?<\/h3>\n<p>Ved \u00e5 bruke cookies, kan vi gjenkjenne din enhet neste gang du bes\u00f8ker v\u00e5rt nettsted, og du unng\u00e5r \u00e5 oppgi brukeropplysninger hver gang du benytter deg av v\u00e5re digitale tjenester. Vi kan ogs\u00e5 enklere tilpasse tjenestene til dine behov, for eksempel slik at du ikke trenger \u00e5 velge spr\u00e5k hver gang du klikker deg inn. Nettstedet blir enkelt og greit enklere \u00e5 bruke.<br \/>\nVi bruker bruker ogs\u00e5 cookies for \u00e5 vurdere brukeratferd p\u00e5 og utenfor v\u00e5rt nettsted for \u00e5 videreutvikle v\u00e5re digitale tjenester. M\u00e5let er \u00e5 gj\u00f8re brukeropplevelsen s\u00e5 god som mulig, tilpasse markedsf\u00f8ringen og f\u00f8re statistikk.<br \/>\nVi kan ogs\u00e5 benytte andre selskaper som, p\u00e5 v\u00e5re vegne, plasserer cookies for \u00e5 levere sine tjenester.<\/p>\n<h3>Samtykke til bruk av cookies<\/h3>\n<p>Du samtykker til v\u00e5rt bruk av cookies i henhold til denne Cookie-policyen ved \u00e5 fortsette \u00e5 bruke nettstedet og bruke en nettleser som er innstilt for \u00e5 tillate cookies.<\/p>\n<h3>Endringer av v\u00e5re cookies<\/h3>\n<p>Cookiene som vi bruker og endringer vi foretar, framg\u00e5r kun av v\u00e5r oppdatering av oversikten nedenfor. Vi foresl\u00e5r derfor at du sjekker denne hver gang du bes\u00f8ker nettstedet.<\/p>\n<h3>Kontakt<\/h3>\n<p>Sp\u00f8rsm\u00e5l om v\u00e5r Cookie-policy kan sendes til <a href=\"mailto:post@compassfairs.no\">post@compassfairs.no<\/a>.<\/p>\n<h3>Cookies benyttet p\u00e5 nettstedet<\/h3>\n<p>V\u00e5re digitale tjenester innhenter og lagrer informasjon ved bruk av teknologi fra ulike m\u00e5leverkt\u00f8y. Vi benytter ogs\u00e5 tredjepartscookies, hovedsakelig for \u00e5 m\u00e5le trafikk og forbedre nettsidene.<\/p>\n<ul>\n<li>Facebook<\/li>\n<li>Hotjar<\/li>\n<li>Google Analytics<\/li>\n<li>Addevent<\/li>\n<\/ul>\n<p>\u00d8nsker du detaljert informasjon om cookies vi bruker, send en e-post til: <a href=\"mailto:post@compassfairs.no\">post@compassfairs.no<\/a>.<\/p>","protected":false},"excerpt":{"rendered":"<p>Cookies V\u00e5re nettsider benytter cookies som beskrevet nedenfor. Om du ikke sl\u00e5r av bruken av cookies i din nettleser og fortsetter \u00e5 bruke nettsiden, samtykker du i v\u00e5r bruk av cookies i henhold til denne Cookie-policyen, samt den underliggende behandlingen av personopplysninger. Vennligst les v\u00e5r Personvernpolicy\u00a0for ytterligere informasjon om hva, hvordan og til hvilket form\u00e5l &hellip; <a href=\"https:\/\/legacy.boligmesse.no\/nb\/cookies\/\" class=\"more-link\">Continue reading <span class=\"screen-reader-text\">Cookies<\/span><\/a><\/p>\n","protected":false},"author":1,"featured_media":0,"parent":0,"menu_order":0,"comment_status":"closed","ping_status":"closed","template":"page-cookies.php","meta":{"footnotes":""},"class_list":["post-5296","page","type-page","status-publish","hentry"],"yoast_head":"<!-- This site is optimized with the Yoast SEO plugin v24.6 - https:\/\/yoast.com\/wordpress\/plugins\/seo\/ -->\n<title>Cookies - Boligmesse<\/title>\n<meta name=\"description\" content=\"Cookies - Boligmesse\" \/>\n<meta name=\"robots\" content=\"index, follow, max-snippet:-1, max-image-preview:large, max-video-preview:-1\" \/>\n<link rel=\"canonical\" href=\"https:\/\/legacy.boligmesse.no\/nb\/cookies\/\" \/>\n<meta property=\"og:locale\" content=\"nb_NO\" \/>\n<meta property=\"og:type\" content=\"article\" \/>\n<meta property=\"og:title\" content=\"Cookies - Boligmesse\" \/>\n<meta property=\"og:description\" content=\"Cookies - Boligmesse\" \/>\n<meta property=\"og:url\" content=\"https:\/\/legacy.boligmesse.no\/nb\/cookies\/\" \/>\n<meta property=\"og:site_name\" content=\"Boligmesse\" \/>\n<meta property=\"article:publisher\" content=\"https:\/\/facebook.com\/Boligmesse\" \/>\n<meta property=\"article:modified_time\" content=\"2018-06-01T17:17:55+00:00\" \/>\n<meta name=\"twitter:card\" content=\"summary_large_image\" \/>\n<meta name=\"twitter:label1\" content=\"Ansl. lesetid\" \/>\n\t<meta name=\"twitter:data1\" content=\"11 minutter\" \/>\n<script type=\"application\/ld+json\" class=\"yoast-schema-graph\">{\"@context\":\"https:\/\/schema.org\",\"@graph\":[{\"@type\":\"WebPage\",\"@id\":\"https:\/\/legacy.boligmesse.no\/nb\/cookies\/\",\"url\":\"https:\/\/legacy.boligmesse.no\/nb\/cookies\/\",\"name\":\"Cookies - Boligmesse\",\"isPartOf\":{\"@id\":\"https:\/\/legacy.boligmesse.no\/nb\/#website\"},\"datePublished\":\"2018-05-01T14:15:33+00:00\",\"dateModified\":\"2018-06-01T17:17:55+00:00\",\"description\":\"Cookies - Boligmesse\",\"breadcrumb\":{\"@id\":\"https:\/\/legacy.boligmesse.no\/nb\/cookies\/#breadcrumb\"},\"inLanguage\":\"nb-NO\",\"potentialAction\":[{\"@type\":\"ReadAction\",\"target\":[[\"https:\/\/legacy.boligmesse.no\/nb\/cookies\/\"]]}]},{\"@type\":\"BreadcrumbList\",\"@id\":\"https:\/\/legacy.boligmesse.no\/nb\/cookies\/#breadcrumb\",\"itemListElement\":[{\"@type\":\"ListItem\",\"position\":1,\"name\":\"Home\",\"item\":\"https:\/\/legacy.boligmesse.no\/nb\/\"},{\"@type\":\"ListItem\",\"position\":2,\"name\":\"Cookies\"}]},{\"@type\":\"WebSite\",\"@id\":\"https:\/\/legacy.boligmesse.no\/nb\/#website\",\"url\":\"https:\/\/legacy.boligmesse.no\/nb\/\",\"name\":\"Boligmesse\",\"description\":\"Oppussing, inspirasjon og eksperthjelp til hjemmet\",\"publisher\":{\"@id\":\"https:\/\/legacy.boligmesse.no\/nb\/#organization\"},\"potentialAction\":[{\"@type\":\"SearchAction\",\"target\":{\"@type\":\"EntryPoint\",\"urlTemplate\":\"https:\/\/legacy.boligmesse.no\/nb\/?s={search_term_string}\"},\"query-input\":{\"@type\":\"PropertyValueSpecification\",\"valueRequired\":true,\"valueName\":\"search_term_string\"}}],\"inLanguage\":\"nb-NO\"},{\"@type\":\"Organization\",\"@id\":\"https:\/\/legacy.boligmesse.no\/nb\/#organization\",\"name\":\"Boligmesse\",\"url\":\"https:\/\/legacy.boligmesse.no\/nb\/\",\"logo\":{\"@type\":\"ImageObject\",\"inLanguage\":\"nb-NO\",\"@id\":\"https:\/\/legacy.boligmesse.no\/nb\/#\/schema\/logo\/image\/\",\"url\":\"https:\/\/boligmesse.no\/wp-content\/uploads\/sites\/4\/2024\/03\/Boligmesse-e1710936451690.png\",\"contentUrl\":\"https:\/\/boligmesse.no\/wp-content\/uploads\/sites\/4\/2024\/03\/Boligmesse-e1710936451690.png\",\"width\":341,\"height\":71,\"caption\":\"Boligmesse\"},\"image\":{\"@id\":\"https:\/\/legacy.boligmesse.no\/nb\/#\/schema\/logo\/image\/\"},\"sameAs\":[\"https:\/\/facebook.com\/Boligmesse\"]}]}<\/script>\n<!-- \/ Yoast SEO plugin. -->","yoast_head_json":{"title":"Cookies - Boligmesse","description":"Cookies - Boligmesse","robots":{"index":"index","follow":"follow","max-snippet":"max-snippet:-1","max-image-preview":"max-image-preview:large","max-video-preview":"max-video-preview:-1"},"canonical":"https:\/\/legacy.boligmesse.no\/nb\/cookies\/","og_locale":"nb_NO","og_type":"article","og_title":"Cookies - Boligmesse","og_description":"Cookies - Boligmesse","og_url":"https:\/\/legacy.boligmesse.no\/nb\/cookies\/","og_site_name":"Boligmesse","article_publisher":"https:\/\/facebook.com\/Boligmesse","article_modified_time":"2018-06-01T17:17:55+00:00","twitter_card":"summary_large_image","twitter_misc":{"Ansl. lesetid":"11 minutter"},"schema":{"@context":"https:\/\/schema.org","@graph":[{"@type":"WebPage","@id":"https:\/\/legacy.boligmesse.no\/nb\/cookies\/","url":"https:\/\/legacy.boligmesse.no\/nb\/cookies\/","name":"Cookies - Boligmesse","isPartOf":{"@id":"https:\/\/legacy.boligmesse.no\/nb\/#website"},"datePublished":"2018-05-01T14:15:33+00:00","dateModified":"2018-06-01T17:17:55+00:00","description":"Cookies - Boligmesse","breadcrumb":{"@id":"https:\/\/legacy.boligmesse.no\/nb\/cookies\/#breadcrumb"},"inLanguage":"nb-NO","potentialAction":[{"@type":"ReadAction","target":[["https:\/\/legacy.boligmesse.no\/nb\/cookies\/"]]}]},{"@type":"BreadcrumbList","@id":"https:\/\/legacy.boligmesse.no\/nb\/cookies\/#breadcrumb","itemListElement":[{"@type":"ListItem","position":1,"name":"Home","item":"https:\/\/legacy.boligmesse.no\/nb\/"},{"@type":"ListItem","position":2,"name":"Cookies"}]},{"@type":"WebSite","@id":"https:\/\/legacy.boligmesse.no\/nb\/#website","url":"https:\/\/legacy.boligmesse.no\/nb\/","name":"Boligmesse","description":"Oppussing, inspirasjon og eksperthjelp til hjemmet","publisher":{"@id":"https:\/\/legacy.boligmesse.no\/nb\/#organization"},"potentialAction":[{"@type":"SearchAction","target":{"@type":"EntryPoint","urlTemplate":"https:\/\/legacy.boligmesse.no\/nb\/?s={search_term_string}"},"query-input":{"@type":"PropertyValueSpecification","valueRequired":true,"valueName":"search_term_string"}}],"inLanguage":"nb-NO"},{"@type":"Organization","@id":"https:\/\/legacy.boligmesse.no\/nb\/#organization","name":"Boligmesse","url":"https:\/\/legacy.boligmesse.no\/nb\/","logo":{"@type":"ImageObject","inLanguage":"nb-NO","@id":"https:\/\/legacy.boligmesse.no\/nb\/#\/schema\/logo\/image\/","url":"https:\/\/boligmesse.no\/wp-content\/uploads\/sites\/4\/2024\/03\/Boligmesse-e1710936451690.png","contentUrl":"https:\/\/boligmesse.no\/wp-content\/uploads\/sites\/4\/2024\/03\/Boligmesse-e1710936451690.png","width":341,"height":71,"caption":"Boligmesse"},"image":{"@id":"https:\/\/legacy.boligmesse.no\/nb\/#\/schema\/logo\/image\/"},"sameAs":["https:\/\/facebook.com\/Boligmesse"]}]}},"_links":{"self":[{"href":"https:\/\/legacy.boligmesse.no\/nb\/wp-json\/wp\/v2\/pages\/5296","targetHints":{"allow":["GET"]}}],"collection":[{"href":"https:\/\/legacy.boligmesse.no\/nb\/wp-json\/wp\/v2\/pages"}],"about":[{"href":"https:\/\/legacy.boligmesse.no\/nb\/wp-json\/wp\/v2\/types\/page"}],"author":[{"embeddable":true,"href":"https:\/\/legacy.boligmesse.no\/nb\/wp-json\/wp\/v2\/users\/1"}],"replies":[{"embeddable":true,"href":"https:\/\/legacy.boligmesse.no\/nb\/wp-json\/wp\/v2\/comments?post=5296"}],"version-history":[{"count":0,"href":"https:\/\/legacy.boligmesse.no\/nb\/wp-json\/wp\/v2\/pages\/5296\/revisions"}],"wp:attachment":[{"href":"https:\/\/legacy.boligmesse.no\/nb\/wp-json\/wp\/v2\/media?parent=5296"}],"curies":[{"name":"wp","href":"https:\/\/api.w.org\/{rel}","templated":true}]}}