{"id":5157,"date":"2018-03-28T17:19:26","date_gmt":"2018-03-28T15:19:26","guid":{"rendered":"https:\/\/boligmesse.no\/en\/?page_id=5157"},"modified":"2024-02-08T09:05:36","modified_gmt":"2024-02-08T08:05:36","slug":"personvernerklaering","status":"publish","type":"page","link":"https:\/\/legacy.boligmesse.no\/nb\/personvernerklaering\/","title":{"rendered":"Personvernerkl\u00e6ring"},"content":{"rendered":"<p><strong>N\u00e5r du bestiller billett til Boligmessen eller registrerer deg p\u00e5 v\u00e5r messekonkurranse, gir du oss tilgang til opplysninger om deg. Her kan du lese hvilke opplysninger vi samler inn, hvordan vi gj\u00f8r det og hva vi bruker dem til.<\/strong><\/p>\n<h5>Hva er personopplysninger?<\/h5>\n<p>Personopplysninger er informasjon som kan knyttes til en person, for eksempel navn, bosted, telefonnummer, e-postadresse, IP-adresse.<\/p>\n<h5>Hvilke regler gjelder for h\u00e5ndtering av personopplysninger?<\/h5>\n<p>Boligmessen er ansvarlig for h\u00e5ndteringen av personopplysninger som samles inn ved bestilling av billetter eller ved \u00e5 melde deg p\u00e5 en av v\u00e5re messekonkurranser. Boligmessen f\u00f8lger <a href=\"https:\/\/lovdata.no\/dokument\/NL\/lov\/2000-04-14-31\">personopplysningsloven<\/a> i behandlingen av personopplysninger.<\/p>\n<h5>Hvilken informasjon samler vi om deg?<\/h5>\n<h6>Opplysninger du selv oppgir<\/h6>\n<ul>\n<li>N\u00e5r du bestiller inngangsbillett til en av v\u00e5re Boligmesser.<\/li>\n<li>N\u00e5r du registrerer deg p\u00e5 en av Boligmessens konkurranser.<br \/>\n<em>(Navn, Adresse, postnr.,by, kj\u00f8nn, f\u00f8dsels\u00e5r, e-post og telefonnr.)<\/em><\/li>\n<\/ul>\n<h6>Opplysninger vi henter fra offentlige registre<\/h6>\n<p>N\u00e5r du bestiller inngangsbillett til en av v\u00e5re Boligmesser hentes f\u00f8lgende informasjon: adresse, kj\u00f8nn og f\u00f8dsels\u00e5r fra offentlige registre basert p\u00e5 hva som er registrert p\u00e5 ditt telefonnummer.<\/p>\n<h6>Opplysninger vi samler inn om din bruk av boligmesse.no<\/h6>\n<ul>\n<li><strong>Hvilken teknologi du bruker.<\/strong> Om du er p\u00e5 laptop, nettbrett eller mobil, hvilken nettleser du bruker, IP-adresse, nettverksoperat\u00f8r og lignende.<\/li>\n<li><strong>Hva du gj\u00f8r.<\/strong> For eksempel hvilke sider du bes\u00f8ker.<\/li>\n<li><strong>Hvor du er.<\/strong> Vi registrerer din geografiske posisjon basert p\u00e5 din IP-adresse eller andre former for lokalisering.<\/li>\n<\/ul>\n<h5>Hvor lagres informasjonen?<\/h5>\n<p>Informasjonen lagres i v\u00e5re databaser.<\/p>\n<h5>Informasjon fra andre kilder<\/h5>\n<p>I de tilfeller vi mangler informasjon henter vi dette fra tredjeparter som hjelper oss \u00e5 analysere markedsf\u00f8ringen av messene, bruken av boligmesse.no og forbedre tjenestene v\u00e5re.<\/p>\n<h5>Hva brukes informasjonen til?<\/h5>\n<p>Vi jobber hele tiden for \u00e5 gi deg en god opplevelse av Boligmessene og her er de viktigste form\u00e5lene vi bruker personopplysninger til:<\/p>\n<ol>\n<li><strong>Invitere deg til kommende messer.<\/strong> For \u00e5 gj\u00f8re dette m\u00e5 vi ha din e-post og telefonnummer slik at vi f\u00e5r sendt deg en invitasjon. Adressen din bruker vi for \u00e5 kartlegge hvilken av v\u00e5re messer som er mest interessant for deg.<\/li>\n<li><strong>Forst\u00e5 markedstrender og behov <\/strong>gjennom statistikk. Vi analyserer data som alder og kj\u00f8nn for \u00e5 forbedre og videreutvikle Boligmessene.<\/li>\n<\/ol>\n<h5>Sp\u00f8rreunders\u00f8kelser<\/h5>\n<p>Vi utf\u00f8rer sp\u00f8rreunders\u00f8kelser p\u00e5 vegne av oss selv etter hver Boligmesse. M\u00e5lgruppen for disse unders\u00f8kelsene er de som har registrert seg for \u00e5 delta p\u00e5 en av v\u00e5re messekonkurranser.<\/p>\n<h5>Deles informasjonen med andre?<\/h5>\n<p>Nei, informasjonen blir kun brukt av Boligmessen.<\/p>\n<h5>Sletting av personopplysninger<\/h5>\n<p>Vi har rutiner for sletting. Du kan til enhver tid sjekke hvilke opplysninger vi har om deg nederst p\u00e5 denne siden. Du kan samtidig be om \u00e5 f\u00e5 disse slettet i samme prosess. Du kan ogs\u00e5 be om \u00e5 f\u00e5 fjernet opplysninger vi har om deg. Dette gj\u00f8res meget enkelt med \u00e5 ringe (64 83 76 00) eller sende oss en epost (post@boligmesse.no). Du vil motta en \u00e5rlig invitasjon til ett eller to av v\u00e5re arrangementer. P\u00e5 denne invitasjonen vil det tydelig fremkomme hvordan du blir slettet fra v\u00e5re systemer.<\/p>\n<h5>Barns personvern<\/h5>\n<p>Vi \u00f8nsker ikke \u00e5 samle inn eller p\u00e5 annen m\u00e5te behandle personopplysninger om barn under 16 \u00e5r. Hvis barn under 16 \u00e5r likevel har gitt oss personopplysninger, eksempelvis ved \u00e5 bestille billett til en av messene eller melde seg p\u00e5 en av konkurransene, vil vi slette opplysningene s\u00e5 snart vi blir oppmerksomme p\u00e5 forholdet. Foresatte kan kontakte oss som angitt nedenfor.<\/p>","protected":false},"excerpt":{"rendered":"<p>N\u00e5r du bestiller billett til Boligmessen eller registrerer deg p\u00e5 v\u00e5r messekonkurranse, gir du oss tilgang til opplysninger om deg. Her kan du lese hvilke opplysninger vi samler inn, hvordan vi gj\u00f8r det og hva vi bruker dem til. Hva er personopplysninger? Personopplysninger er informasjon som kan knyttes til en person, for eksempel navn, bosted, &hellip; <a href=\"https:\/\/legacy.boligmesse.no\/nb\/personvernerklaering\/\" class=\"more-link\">Continue reading <span class=\"screen-reader-text\">Personvernerkl\u00e6ring<\/span><\/a><\/p>\n","protected":false},"author":462012,"featured_media":0,"parent":0,"menu_order":0,"comment_status":"closed","ping_status":"closed","template":"page-privacypolicy.php","meta":{"footnotes":""},"class_list":["post-5157","page","type-page","status-publish","hentry"],"yoast_head":"<!-- This site is optimized with the Yoast SEO plugin v24.6 - https:\/\/yoast.com\/wordpress\/plugins\/seo\/ -->\n<title>Personvernerkl\u00e6ring - Boligmesse<\/title>\n<meta name=\"description\" content=\"Personvernerkl\u00e6ring - Boligmesse\" \/>\n<meta name=\"robots\" content=\"index, follow, max-snippet:-1, max-image-preview:large, max-video-preview:-1\" \/>\n<link rel=\"canonical\" href=\"https:\/\/legacy.boligmesse.no\/nb\/personvernerklaering\/\" \/>\n<meta property=\"og:locale\" content=\"nb_NO\" \/>\n<meta property=\"og:type\" content=\"article\" \/>\n<meta property=\"og:title\" content=\"Personvernerkl\u00e6ring - Boligmesse\" \/>\n<meta property=\"og:description\" content=\"Personvernerkl\u00e6ring - Boligmesse\" \/>\n<meta property=\"og:url\" content=\"https:\/\/legacy.boligmesse.no\/nb\/personvernerklaering\/\" \/>\n<meta property=\"og:site_name\" content=\"Boligmesse\" \/>\n<meta property=\"article:publisher\" content=\"https:\/\/facebook.com\/Boligmesse\" \/>\n<meta property=\"article:modified_time\" content=\"2024-02-08T08:05:36+00:00\" \/>\n<meta name=\"twitter:card\" content=\"summary_large_image\" \/>\n<meta name=\"twitter:label1\" content=\"Ansl. lesetid\" \/>\n\t<meta name=\"twitter:data1\" content=\"6 minutter\" \/>\n<script type=\"application\/ld+json\" class=\"yoast-schema-graph\">{\"@context\":\"https:\/\/schema.org\",\"@graph\":[{\"@type\":\"WebPage\",\"@id\":\"https:\/\/legacy.boligmesse.no\/nb\/personvernerklaering\/\",\"url\":\"https:\/\/legacy.boligmesse.no\/nb\/personvernerklaering\/\",\"name\":\"Personvernerkl\u00e6ring - Boligmesse\",\"isPartOf\":{\"@id\":\"https:\/\/legacy.boligmesse.no\/nb\/#website\"},\"datePublished\":\"2018-03-28T15:19:26+00:00\",\"dateModified\":\"2024-02-08T08:05:36+00:00\",\"description\":\"Personvernerkl\u00e6ring - Boligmesse\",\"breadcrumb\":{\"@id\":\"https:\/\/legacy.boligmesse.no\/nb\/personvernerklaering\/#breadcrumb\"},\"inLanguage\":\"nb-NO\",\"potentialAction\":[{\"@type\":\"ReadAction\",\"target\":[[\"https:\/\/legacy.boligmesse.no\/nb\/personvernerklaering\/\"]]}]},{\"@type\":\"BreadcrumbList\",\"@id\":\"https:\/\/legacy.boligmesse.no\/nb\/personvernerklaering\/#breadcrumb\",\"itemListElement\":[{\"@type\":\"ListItem\",\"position\":1,\"name\":\"Home\",\"item\":\"https:\/\/legacy.boligmesse.no\/nb\/\"},{\"@type\":\"ListItem\",\"position\":2,\"name\":\"Personvernerkl\u00e6ring\"}]},{\"@type\":\"WebSite\",\"@id\":\"https:\/\/legacy.boligmesse.no\/nb\/#website\",\"url\":\"https:\/\/legacy.boligmesse.no\/nb\/\",\"name\":\"Boligmesse\",\"description\":\"Oppussing, inspirasjon og eksperthjelp til hjemmet\",\"publisher\":{\"@id\":\"https:\/\/legacy.boligmesse.no\/nb\/#organization\"},\"potentialAction\":[{\"@type\":\"SearchAction\",\"target\":{\"@type\":\"EntryPoint\",\"urlTemplate\":\"https:\/\/legacy.boligmesse.no\/nb\/?s={search_term_string}\"},\"query-input\":{\"@type\":\"PropertyValueSpecification\",\"valueRequired\":true,\"valueName\":\"search_term_string\"}}],\"inLanguage\":\"nb-NO\"},{\"@type\":\"Organization\",\"@id\":\"https:\/\/legacy.boligmesse.no\/nb\/#organization\",\"name\":\"Boligmesse\",\"url\":\"https:\/\/legacy.boligmesse.no\/nb\/\",\"logo\":{\"@type\":\"ImageObject\",\"inLanguage\":\"nb-NO\",\"@id\":\"https:\/\/legacy.boligmesse.no\/nb\/#\/schema\/logo\/image\/\",\"url\":\"https:\/\/boligmesse.no\/wp-content\/uploads\/sites\/4\/2024\/03\/Boligmesse-e1710936451690.png\",\"contentUrl\":\"https:\/\/boligmesse.no\/wp-content\/uploads\/sites\/4\/2024\/03\/Boligmesse-e1710936451690.png\",\"width\":341,\"height\":71,\"caption\":\"Boligmesse\"},\"image\":{\"@id\":\"https:\/\/legacy.boligmesse.no\/nb\/#\/schema\/logo\/image\/\"},\"sameAs\":[\"https:\/\/facebook.com\/Boligmesse\"]}]}<\/script>\n<!-- \/ Yoast SEO plugin. -->","yoast_head_json":{"title":"Personvernerkl\u00e6ring - Boligmesse","description":"Personvernerkl\u00e6ring - Boligmesse","robots":{"index":"index","follow":"follow","max-snippet":"max-snippet:-1","max-image-preview":"max-image-preview:large","max-video-preview":"max-video-preview:-1"},"canonical":"https:\/\/legacy.boligmesse.no\/nb\/personvernerklaering\/","og_locale":"nb_NO","og_type":"article","og_title":"Personvernerkl\u00e6ring - Boligmesse","og_description":"Personvernerkl\u00e6ring - Boligmesse","og_url":"https:\/\/legacy.boligmesse.no\/nb\/personvernerklaering\/","og_site_name":"Boligmesse","article_publisher":"https:\/\/facebook.com\/Boligmesse","article_modified_time":"2024-02-08T08:05:36+00:00","twitter_card":"summary_large_image","twitter_misc":{"Ansl. lesetid":"6 minutter"},"schema":{"@context":"https:\/\/schema.org","@graph":[{"@type":"WebPage","@id":"https:\/\/legacy.boligmesse.no\/nb\/personvernerklaering\/","url":"https:\/\/legacy.boligmesse.no\/nb\/personvernerklaering\/","name":"Personvernerkl\u00e6ring - Boligmesse","isPartOf":{"@id":"https:\/\/legacy.boligmesse.no\/nb\/#website"},"datePublished":"2018-03-28T15:19:26+00:00","dateModified":"2024-02-08T08:05:36+00:00","description":"Personvernerkl\u00e6ring - Boligmesse","breadcrumb":{"@id":"https:\/\/legacy.boligmesse.no\/nb\/personvernerklaering\/#breadcrumb"},"inLanguage":"nb-NO","potentialAction":[{"@type":"ReadAction","target":[["https:\/\/legacy.boligmesse.no\/nb\/personvernerklaering\/"]]}]},{"@type":"BreadcrumbList","@id":"https:\/\/legacy.boligmesse.no\/nb\/personvernerklaering\/#breadcrumb","itemListElement":[{"@type":"ListItem","position":1,"name":"Home","item":"https:\/\/legacy.boligmesse.no\/nb\/"},{"@type":"ListItem","position":2,"name":"Personvernerkl\u00e6ring"}]},{"@type":"WebSite","@id":"https:\/\/legacy.boligmesse.no\/nb\/#website","url":"https:\/\/legacy.boligmesse.no\/nb\/","name":"Boligmesse","description":"Oppussing, inspirasjon og eksperthjelp til hjemmet","publisher":{"@id":"https:\/\/legacy.boligmesse.no\/nb\/#organization"},"potentialAction":[{"@type":"SearchAction","target":{"@type":"EntryPoint","urlTemplate":"https:\/\/legacy.boligmesse.no\/nb\/?s={search_term_string}"},"query-input":{"@type":"PropertyValueSpecification","valueRequired":true,"valueName":"search_term_string"}}],"inLanguage":"nb-NO"},{"@type":"Organization","@id":"https:\/\/legacy.boligmesse.no\/nb\/#organization","name":"Boligmesse","url":"https:\/\/legacy.boligmesse.no\/nb\/","logo":{"@type":"ImageObject","inLanguage":"nb-NO","@id":"https:\/\/legacy.boligmesse.no\/nb\/#\/schema\/logo\/image\/","url":"https:\/\/boligmesse.no\/wp-content\/uploads\/sites\/4\/2024\/03\/Boligmesse-e1710936451690.png","contentUrl":"https:\/\/boligmesse.no\/wp-content\/uploads\/sites\/4\/2024\/03\/Boligmesse-e1710936451690.png","width":341,"height":71,"caption":"Boligmesse"},"image":{"@id":"https:\/\/legacy.boligmesse.no\/nb\/#\/schema\/logo\/image\/"},"sameAs":["https:\/\/facebook.com\/Boligmesse"]}]}},"_links":{"self":[{"href":"https:\/\/legacy.boligmesse.no\/nb\/wp-json\/wp\/v2\/pages\/5157","targetHints":{"allow":["GET"]}}],"collection":[{"href":"https:\/\/legacy.boligmesse.no\/nb\/wp-json\/wp\/v2\/pages"}],"about":[{"href":"https:\/\/legacy.boligmesse.no\/nb\/wp-json\/wp\/v2\/types\/page"}],"author":[{"embeddable":true,"href":"https:\/\/legacy.boligmesse.no\/nb\/wp-json\/wp\/v2\/users\/462012"}],"replies":[{"embeddable":true,"href":"https:\/\/legacy.boligmesse.no\/nb\/wp-json\/wp\/v2\/comments?post=5157"}],"version-history":[{"count":0,"href":"https:\/\/legacy.boligmesse.no\/nb\/wp-json\/wp\/v2\/pages\/5157\/revisions"}],"wp:attachment":[{"href":"https:\/\/legacy.boligmesse.no\/nb\/wp-json\/wp\/v2\/media?parent=5157"}],"curies":[{"name":"wp","href":"https:\/\/api.w.org\/{rel}","templated":true}]}}